{"id":2507,"date":"2022-02-08T08:49:16","date_gmt":"2022-02-08T08:49:16","guid":{"rendered":"http:\/\/localhost\/wordpress\/?page_id=2507"},"modified":"2025-10-06T07:11:22","modified_gmt":"2025-10-06T07:11:22","slug":"wpieraja-nas","status":"publish","type":"page","link":"https:\/\/bsms.bartoszyce.pl\/?page_id=2507","title":{"rendered":"Wspieraj\u0105 nas"},"content":{"rendered":"\t\t<div data-elementor-type=\"wp-page\" data-elementor-id=\"2507\" class=\"elementor elementor-2507\">\n\t\t\t\t\t\t<section class=\"elementor-section elementor-top-section elementor-element elementor-element-69a8c7a elementor-section-boxed elementor-section-height-default elementor-section-height-default\" data-id=\"69a8c7a\" data-element_type=\"section\" data-e-type=\"section\">\n\t\t\t\t\t\t<div class=\"elementor-container elementor-column-gap-default\">\n\t\t\t\t\t<div class=\"elementor-column elementor-col-100 elementor-top-column elementor-element elementor-element-d568df4\" data-id=\"d568df4\" data-element_type=\"column\" data-e-type=\"column\">\n\t\t\t<div class=\"elementor-widget-wrap elementor-element-populated\">\n\t\t\t\t\t\t<div class=\"elementor-element elementor-element-89879d6 elementor-position-top elementor-widget elementor-widget-image-box\" data-id=\"89879d6\" data-element_type=\"widget\" data-e-type=\"widget\" data-widget_type=\"image-box.default\">\n\t\t\t\t<div class=\"elementor-widget-container\">\n\t\t\t\t\t<div class=\"elementor-image-box-wrapper\"><figure class=\"elementor-image-box-img\"><img decoding=\"async\" src=\"https:\/\/bsms.bartoszyce.pl\/wp-content\/uploads\/elementor\/thumbs\/Herb-rcsq48q8lvjw4tfdcyswbhx6lx9svaj39rys7bz8t2.png\" title=\"Herb\" alt=\"Herb\" loading=\"lazy\" \/><\/figure><div class=\"elementor-image-box-content\"><h2 class=\"elementor-image-box-title\">Zadanie publiczne realizowane ze \u015brodk\u00f3w Urz\u0119du Miasta Bartoszyce.\u200b<\/h2><\/div><\/div>\t\t\t\t<\/div>\n\t\t\t\t<\/div>\n\t\t\t\t\t<\/div>\n\t\t<\/div>\n\t\t\t\t\t<\/div>\n\t\t<\/section>\n\t\t\t\t<\/div>\n\t\t","protected":false},"excerpt":{"rendered":"<p>Zadanie publiczne realizowane ze \u015brodk\u00f3w Urz\u0119du Miasta Bartoszyce.\u200b<\/p>\n","protected":false},"author":1,"featured_media":0,"parent":0,"menu_order":0,"comment_status":"closed","ping_status":"closed","template":"elementor_header_footer","meta":{"footnotes":""},"class_list":["post-2507","page","type-page","status-publish","hentry"],"_links":{"self":[{"href":"https:\/\/bsms.bartoszyce.pl\/index.php?rest_route=\/wp\/v2\/pages\/2507","targetHints":{"allow":["GET"]}}],"collection":[{"href":"https:\/\/bsms.bartoszyce.pl\/index.php?rest_route=\/wp\/v2\/pages"}],"about":[{"href":"https:\/\/bsms.bartoszyce.pl\/index.php?rest_route=\/wp\/v2\/types\/page"}],"author":[{"embeddable":true,"href":"https:\/\/bsms.bartoszyce.pl\/index.php?rest_route=\/wp\/v2\/users\/1"}],"replies":[{"embeddable":true,"href":"https:\/\/bsms.bartoszyce.pl\/index.php?rest_route=%2Fwp%2Fv2%2Fcomments&post=2507"}],"version-history":[{"count":28,"href":"https:\/\/bsms.bartoszyce.pl\/index.php?rest_route=\/wp\/v2\/pages\/2507\/revisions"}],"predecessor-version":[{"id":4890,"href":"https:\/\/bsms.bartoszyce.pl\/index.php?rest_route=\/wp\/v2\/pages\/2507\/revisions\/4890"}],"wp:attachment":[{"href":"https:\/\/bsms.bartoszyce.pl\/index.php?rest_route=%2Fwp%2Fv2%2Fmedia&parent=2507"}],"curies":[{"name":"wp","href":"https:\/\/api.w.org\/{rel}","templated":true}]}}