{"id":2419,"date":"2022-02-07T13:54:21","date_gmt":"2022-02-07T13:54:21","guid":{"rendered":"http:\/\/localhost\/wordpress\/?page_id=2419"},"modified":"2022-02-07T14:00:55","modified_gmt":"2022-02-07T14:00:55","slug":"hala","status":"publish","type":"page","link":"https:\/\/bsms.bartoszyce.pl\/?page_id=2419","title":{"rendered":"Hala"},"content":{"rendered":"\t\t<div data-elementor-type=\"wp-page\" data-elementor-id=\"2419\" class=\"elementor elementor-2419\">\n\t\t\t\t\t\t<section class=\"elementor-section elementor-top-section elementor-element elementor-element-d86fcf2 elementor-section-boxed elementor-section-height-default elementor-section-height-default\" data-id=\"d86fcf2\" data-element_type=\"section\" data-e-type=\"section\">\n\t\t\t\t\t\t<div class=\"elementor-container elementor-column-gap-default\">\n\t\t\t\t\t<div class=\"elementor-column elementor-col-100 elementor-top-column elementor-element elementor-element-2102df4\" data-id=\"2102df4\" data-element_type=\"column\" data-e-type=\"column\">\n\t\t\t<div class=\"elementor-widget-wrap elementor-element-populated\">\n\t\t\t\t\t\t<div class=\"elementor-element elementor-element-ede60e0 elementor-widget elementor-widget-heading\" data-id=\"ede60e0\" data-element_type=\"widget\" data-e-type=\"widget\" data-widget_type=\"heading.default\">\n\t\t\t\t<div class=\"elementor-widget-container\">\n\t\t\t\t\t<h1 class=\"elementor-heading-title elementor-size-xxl\">TUTAJ GRAMY!<\/h1>\t\t\t\t<\/div>\n\t\t\t\t<\/div>\n\t\t\t\t<div class=\"elementor-element elementor-element-cf5901e elementor-widget elementor-widget-spacer\" data-id=\"cf5901e\" data-element_type=\"widget\" data-e-type=\"widget\" data-widget_type=\"spacer.default\">\n\t\t\t\t<div class=\"elementor-widget-container\">\n\t\t\t\t\t\t\t<div class=\"elementor-spacer\">\n\t\t\t<div class=\"elementor-spacer-inner\"><\/div>\n\t\t<\/div>\n\t\t\t\t\t\t<\/div>\n\t\t\t\t<\/div>\n\t\t\t\t<div class=\"elementor-element elementor-element-f7cbfea elementor-widget elementor-widget-text-editor\" data-id=\"f7cbfea\" data-element_type=\"widget\" data-e-type=\"widget\" data-widget_type=\"text-editor.default\">\n\t\t\t\t<div class=\"elementor-widget-container\">\n\t\t\t\t\t\t\t\t\t<div id=\"qx-text-52770\" class=\"qx-element qx-element-text \"><h3>Hala widowiskowo-sportowa przy ul. S\u0142owackiego 2 w Bartoszycach<\/h3><p>Nowo powsta\u0142y obiekt przy ul. S\u0142owackiego oddany do u\u017cytku w 2020 r. Budynek sk\u0142ada si\u0119 z trzech kondygnacji. W piwnicy znajduj\u0105 si\u0119 dwie sale do \u0107wicze\u0144, pomieszczenia techniczne oraz magazyny. Na parterze, opr\u00f3cz sali sportowej z widowni\u0105, znajduje si\u0119 10 zespo\u0142\u00f3w szatniowo-sanitarnych, pokoje dla trener\u00f3w oraz s\u0119dzi\u00f3w. Na pi\u0119trze znajduje si\u0119 widownia, hol z pomieszczeniem bufetowym, pomieszczenia biurowe oraz sale \u0107wicze\u0144. Administratorem obiektu jest <strong>Bartoszycki O\u015brodek Sportu i Rekreacji<\/strong>.<\/p><\/div>\t\t\t\t\t\t\t\t<\/div>\n\t\t\t\t<\/div>\n\t\t\t\t<div class=\"elementor-element elementor-element-ebb2fd2 elementor-widget elementor-widget-image-gallery\" data-id=\"ebb2fd2\" data-element_type=\"widget\" data-e-type=\"widget\" data-widget_type=\"image-gallery.default\">\n\t\t\t\t<div class=\"elementor-widget-container\">\n\t\t\t\t\t\t\t<div class=\"elementor-image-gallery\">\n\t\t\t<div id='gallery-1' class='gallery galleryid-2419 gallery-columns-3 gallery-size-thumbnail'><figure class='gallery-item'>\n\t\t\t<div class='gallery-icon landscape'>\n\t\t\t\t<a data-elementor-open-lightbox=\"yes\" data-elementor-lightbox-slideshow=\"ebb2fd2\" data-elementor-lightbox-title=\"1\" data-e-action-hash=\"#elementor-action%3Aaction%3Dlightbox%26settings%3DeyJpZCI6MjQyNiwidXJsIjoiaHR0cHM6XC9cL2JzbXMuYmFydG9zenljZS5wbFwvd3AtY29udGVudFwvdXBsb2Fkc1wvMjAyMlwvMDJcLzEuanBnIiwic2xpZGVzaG93IjoiZWJiMmZkMiJ9\" href='https:\/\/bsms.bartoszyce.pl\/wp-content\/uploads\/2022\/02\/1.jpg'><img fetchpriority=\"high\" decoding=\"async\" width=\"750\" height=\"684\" src=\"https:\/\/bsms.bartoszyce.pl\/wp-content\/uploads\/2022\/02\/1-750x684.jpg\" class=\"attachment-thumbnail size-thumbnail\" alt=\"\" \/><\/a>\n\t\t\t<\/div><\/figure><figure class='gallery-item'>\n\t\t\t<div class='gallery-icon landscape'>\n\t\t\t\t<a data-elementor-open-lightbox=\"yes\" data-elementor-lightbox-slideshow=\"ebb2fd2\" data-elementor-lightbox-title=\"2\" data-e-action-hash=\"#elementor-action%3Aaction%3Dlightbox%26settings%3DeyJpZCI6MjQyNywidXJsIjoiaHR0cHM6XC9cL2JzbXMuYmFydG9zenljZS5wbFwvd3AtY29udGVudFwvdXBsb2Fkc1wvMjAyMlwvMDJcLzIuanBnIiwic2xpZGVzaG93IjoiZWJiMmZkMiJ9\" href='https:\/\/bsms.bartoszyce.pl\/wp-content\/uploads\/2022\/02\/2.jpg'><img decoding=\"async\" width=\"750\" height=\"683\" src=\"https:\/\/bsms.bartoszyce.pl\/wp-content\/uploads\/2022\/02\/2-750x683.jpg\" class=\"attachment-thumbnail size-thumbnail\" alt=\"\" \/><\/a>\n\t\t\t<\/div><\/figure><figure class='gallery-item'>\n\t\t\t<div class='gallery-icon landscape'>\n\t\t\t\t<a data-elementor-open-lightbox=\"yes\" data-elementor-lightbox-slideshow=\"ebb2fd2\" data-elementor-lightbox-title=\"3\" data-e-action-hash=\"#elementor-action%3Aaction%3Dlightbox%26settings%3DeyJpZCI6MjQyOCwidXJsIjoiaHR0cHM6XC9cL2JzbXMuYmFydG9zenljZS5wbFwvd3AtY29udGVudFwvdXBsb2Fkc1wvMjAyMlwvMDJcLzMuanBnIiwic2xpZGVzaG93IjoiZWJiMmZkMiJ9\" href='https:\/\/bsms.bartoszyce.pl\/wp-content\/uploads\/2022\/02\/3.jpg'><img decoding=\"async\" width=\"750\" height=\"682\" src=\"https:\/\/bsms.bartoszyce.pl\/wp-content\/uploads\/2022\/02\/3-750x682.jpg\" class=\"attachment-thumbnail size-thumbnail\" alt=\"\" \/><\/a>\n\t\t\t<\/div><\/figure>\n\t\t<\/div>\n\t\t<\/div>\n\t\t\t\t\t\t<\/div>\n\t\t\t\t<\/div>\n\t\t\t\t\t<\/div>\n\t\t<\/div>\n\t\t\t\t\t<\/div>\n\t\t<\/section>\n\t\t\t\t<\/div>\n\t\t","protected":false},"excerpt":{"rendered":"<p>TUTAJ GRAMY! Hala widowiskowo-sportowa przy ul. S\u0142owackiego 2 w Bartoszycach Nowo powsta\u0142y obiekt przy ul. S\u0142owackiego oddany do u\u017cytku w 2020 r. Budynek sk\u0142ada si\u0119 z trzech kondygnacji. W piwnicy znajduj\u0105 si\u0119 dwie sale do \u0107wicze\u0144, pomieszczenia techniczne oraz magazyny. Na parterze, opr\u00f3cz sali sportowej z widowni\u0105, znajduje si\u0119 10 zespo\u0142\u00f3w szatniowo-sanitarnych, pokoje dla trener\u00f3w &hellip; <a href=\"https:\/\/bsms.bartoszyce.pl\/?page_id=2419\" class=\"more-link\">Continue reading<span class=\"screen-reader-text\"> &#8222;Hala&#8221;<\/span><\/a><\/p>\n","protected":false},"author":1,"featured_media":0,"parent":0,"menu_order":0,"comment_status":"closed","ping_status":"closed","template":"","meta":{"footnotes":""},"class_list":["post-2419","page","type-page","status-publish","hentry"],"_links":{"self":[{"href":"https:\/\/bsms.bartoszyce.pl\/index.php?rest_route=\/wp\/v2\/pages\/2419","targetHints":{"allow":["GET"]}}],"collection":[{"href":"https:\/\/bsms.bartoszyce.pl\/index.php?rest_route=\/wp\/v2\/pages"}],"about":[{"href":"https:\/\/bsms.bartoszyce.pl\/index.php?rest_route=\/wp\/v2\/types\/page"}],"author":[{"embeddable":true,"href":"https:\/\/bsms.bartoszyce.pl\/index.php?rest_route=\/wp\/v2\/users\/1"}],"replies":[{"embeddable":true,"href":"https:\/\/bsms.bartoszyce.pl\/index.php?rest_route=%2Fwp%2Fv2%2Fcomments&post=2419"}],"version-history":[{"count":9,"href":"https:\/\/bsms.bartoszyce.pl\/index.php?rest_route=\/wp\/v2\/pages\/2419\/revisions"}],"predecessor-version":[{"id":2431,"href":"https:\/\/bsms.bartoszyce.pl\/index.php?rest_route=\/wp\/v2\/pages\/2419\/revisions\/2431"}],"wp:attachment":[{"href":"https:\/\/bsms.bartoszyce.pl\/index.php?rest_route=%2Fwp%2Fv2%2Fmedia&parent=2419"}],"curies":[{"name":"wp","href":"https:\/\/api.w.org\/{rel}","templated":true}]}}